{"id":385,"date":"2020-08-04T19:56:20","date_gmt":"2020-08-04T19:56:20","guid":{"rendered":"http:\/\/open-accountants.wcdt.com.ua\/?page_id=385"},"modified":"2020-10-08T20:39:03","modified_gmt":"2020-10-08T20:39:03","slug":"promocje","status":"publish","type":"page","link":"https:\/\/open-accountants.com\/en\/promocje\/","title":{"rendered":"Promocje"},"content":{"rendered":"<div data-elementor-type=\"wp-page\" data-elementor-id=\"385\" class=\"elementor elementor-385\" data-elementor-settings=\"[]\">\n\t\t\t<div class=\"elementor-inner\">\n\t\t\t\t<div class=\"elementor-section-wrap\">\n\t\t\t\t\t\t\t<section class=\"elementor-element elementor-element-d036968 animated-slow elementor-section-boxed elementor-section-height-default elementor-section-height-default elementor-invisible elementor-section elementor-top-section\" data-id=\"d036968\" data-element_type=\"section\" data-settings=\"{&quot;background_background&quot;:&quot;classic&quot;,&quot;animation&quot;:&quot;fadeIn&quot;,&quot;animation_delay&quot;:200}\" data-no-translation=\"\">\n\t\t\t\t\t\t\t<div class=\"elementor-background-overlay\"><\/div>\n\t\t\t\t\t\t\t<div class=\"elementor-container elementor-column-gap-default\">\n\t\t\t\t<div class=\"elementor-row\">\n\t\t\t\t<div class=\"elementor-element elementor-element-331494b elementor-column elementor-col-100 elementor-top-column\" data-id=\"331494b\" data-element_type=\"column\">\n\t\t\t<div class=\"elementor-column-wrap  elementor-element-populated\">\n\t\t\t\t\t<div class=\"elementor-widget-wrap\">\n\t\t\t\t<div class=\"elementor-element elementor-element-38e173b elementor-widget elementor-widget-heading\" data-id=\"38e173b\" data-element_type=\"widget\" data-widget_type=\"heading.default\">\n\t\t\t\t<div class=\"elementor-widget-container\">\n\t\t\t<h2 class=\"elementor-heading-title elementor-size-default\">Promotions<\/h2>\t\t<\/div>\n\t\t\t\t<\/div>\n\t\t\t\t\t\t<\/div>\n\t\t\t<\/div>\n\t\t<\/div>\n\t\t\t\t\t\t<\/div>\n\t\t\t<\/div>\n\t\t<\/section>\n\t\t\t\t<section class=\"elementor-element elementor-element-0f797c1 elementor-section-boxed elementor-section-height-default elementor-section-height-default elementor-section elementor-top-section\" data-id=\"0f797c1\" data-element_type=\"section\" data-no-translation=\"\">\n\t\t\t\t\t\t<div class=\"elementor-container elementor-column-gap-default\">\n\t\t\t\t<div class=\"elementor-row\">\n\t\t\t\t<div class=\"elementor-element elementor-element-c15624d elementor-column elementor-col-100 elementor-top-column\" data-id=\"c15624d\" data-element_type=\"column\">\n\t\t\t<div class=\"elementor-column-wrap  elementor-element-populated\">\n\t\t\t\t\t<div class=\"elementor-widget-wrap\">\n\t\t\t\t<section class=\"elementor-element elementor-element-e1997c5 elementor-section-boxed elementor-section-height-default elementor-section-height-default elementor-section elementor-inner-section\" data-id=\"e1997c5\" data-element_type=\"section\">\n\t\t\t\t\t\t<div class=\"elementor-container elementor-column-gap-default\">\n\t\t\t\t<div class=\"elementor-row\">\n\t\t\t\t<div class=\"elementor-element elementor-element-fb85c9b elementor-column elementor-col-50 elementor-inner-column\" data-id=\"fb85c9b\" data-element_type=\"column\">\n\t\t\t<div class=\"elementor-column-wrap  elementor-element-populated\">\n\t\t\t\t\t<div class=\"elementor-widget-wrap\">\n\t\t\t\t<div class=\"elementor-element elementor-element-a879b56 elementor-widget elementor-widget-heading\" data-id=\"a879b56\" data-element_type=\"widget\" data-widget_type=\"heading.default\">\n\t\t\t\t<div class=\"elementor-widget-container\">\n\t\t\t<h2 class=\"elementor-heading-title elementor-size-default\">Reduce your accounting fee to \u00a30! We offer permanent discounts for recommending new Ltd companies<\/h2>\t\t<\/div>\n\t\t\t\t<\/div>\n\t\t\t\t<div class=\"elementor-element elementor-element-2744aee elementor-align-left elementor-mobile-align-center elementor-widget elementor-widget-button\" data-id=\"2744aee\" data-element_type=\"widget\" data-widget_type=\"button.default\">\n\t\t\t\t<div class=\"elementor-widget-container\">\n\t\t\t\t\t<div class=\"elementor-button-wrapper\">\n\t\t\t<a href=\"https:\/\/open-accountants.com\/en\/kontakt\/\" class=\"elementor-button-link elementor-button elementor-size-md\" role=\"button\">\n\t\t\t\t\t\t<span class=\"elementor-button-content-wrapper\">\n\t\t\t\t\t\t<span class=\"elementor-button-icon elementor-align-icon-right\">\n\t\t\t\t<i aria-hidden=\"true\" class=\"far fa-envelope\"><\/i>\t\t\t<\/span>\n\t\t\t\t\t\t<span class=\"elementor-button-text\">Contact Us<\/span>\n\t\t<\/span>\n\t\t\t\t\t<\/a>\n\t\t<\/div>\n\t\t\t\t<\/div>\n\t\t\t\t<\/div>\n\t\t\t\t\t\t<\/div>\n\t\t\t<\/div>\n\t\t<\/div>\n\t\t\t\t<div class=\"elementor-element elementor-element-1d1b392 elementor-column elementor-col-50 elementor-inner-column\" data-id=\"1d1b392\" data-element_type=\"column\">\n\t\t\t<div class=\"elementor-column-wrap  elementor-element-populated\">\n\t\t\t\t\t<div class=\"elementor-widget-wrap\">\n\t\t\t\t<div class=\"elementor-element elementor-element-05dd0a7 elementor-invisible elementor-widget elementor-widget-image\" data-id=\"05dd0a7\" data-element_type=\"widget\" data-settings=\"{&quot;_animation&quot;:&quot;fadeIn&quot;}\" data-widget_type=\"image.default\">\n\t\t\t\t<div class=\"elementor-widget-container\">\n\t\t\t\t\t<div class=\"elementor-image\">\n\t\t\t\t\t\t\t\t\t\t<img width=\"640\" height=\"351\" src=\"https:\/\/open-accountants.com\/wp-content\/uploads\/2020\/07\/PeopleImages.com-ID1327409-1.jpg\" class=\"attachment-large size-large\" alt=\"\" loading=\"lazy\" srcset=\"https:\/\/open-accountants.com\/wp-content\/uploads\/2020\/07\/PeopleImages.com-ID1327409-1.jpg 730w, https:\/\/open-accountants.com\/wp-content\/uploads\/2020\/07\/PeopleImages.com-ID1327409-1-300x164.jpg 300w\" sizes=\"(max-width: 640px) 100vw, 640px\" \/>\t\t\t\t\t\t\t\t\t\t\t<\/div>\n\t\t\t\t<\/div>\n\t\t\t\t<\/div>\n\t\t\t\t\t\t<\/div>\n\t\t\t<\/div>\n\t\t<\/div>\n\t\t\t\t\t\t<\/div>\n\t\t\t<\/div>\n\t\t<\/section>\n\t\t\t\t<section class=\"elementor-element elementor-element-d59db59 elementor-section-boxed elementor-section-height-default elementor-section-height-default elementor-section elementor-inner-section\" data-id=\"d59db59\" data-element_type=\"section\">\n\t\t\t\t\t\t<div class=\"elementor-container elementor-column-gap-default\">\n\t\t\t\t<div class=\"elementor-row\">\n\t\t\t\t<div class=\"elementor-element elementor-element-7af2175 elementor-hidden-phone elementor-column elementor-col-50 elementor-inner-column\" data-id=\"7af2175\" data-element_type=\"column\">\n\t\t\t<div class=\"elementor-column-wrap  elementor-element-populated\">\n\t\t\t\t\t<div class=\"elementor-widget-wrap\">\n\t\t\t\t<div class=\"elementor-element elementor-element-b8c1242 elementor-invisible elementor-widget elementor-widget-image\" data-id=\"b8c1242\" data-element_type=\"widget\" data-settings=\"{&quot;_animation&quot;:&quot;fadeIn&quot;}\" data-widget_type=\"image.default\">\n\t\t\t\t<div class=\"elementor-widget-container\">\n\t\t\t\t\t<div class=\"elementor-image\">\n\t\t\t\t\t\t\t\t\t\t<img width=\"640\" height=\"427\" src=\"https:\/\/open-accountants.com\/wp-content\/uploads\/2020\/08\/shutterstock_415992478-1024.jpg\" class=\"attachment-large size-large\" alt=\"\" loading=\"lazy\" srcset=\"https:\/\/open-accountants.com\/wp-content\/uploads\/2020\/08\/shutterstock_415992478-1024.jpg 1024w, https:\/\/open-accountants.com\/wp-content\/uploads\/2020\/08\/shutterstock_415992478-1024-300x200.jpg 300w, https:\/\/open-accountants.com\/wp-content\/uploads\/2020\/08\/shutterstock_415992478-1024-768x512.jpg 768w\" sizes=\"(max-width: 640px) 100vw, 640px\" \/>\t\t\t\t\t\t\t\t\t\t\t<\/div>\n\t\t\t\t<\/div>\n\t\t\t\t<\/div>\n\t\t\t\t\t\t<\/div>\n\t\t\t<\/div>\n\t\t<\/div>\n\t\t\t\t<div class=\"elementor-element elementor-element-e436b44 elementor-column elementor-col-50 elementor-inner-column\" data-id=\"e436b44\" data-element_type=\"column\">\n\t\t\t<div class=\"elementor-column-wrap  elementor-element-populated\">\n\t\t\t\t\t<div class=\"elementor-widget-wrap\">\n\t\t\t\t<div class=\"elementor-element elementor-element-9c5ed78 elementor-widget elementor-widget-heading\" data-id=\"9c5ed78\" data-element_type=\"widget\" data-widget_type=\"heading.default\">\n\t\t\t\t<div class=\"elementor-widget-container\">\n\t\t\t<h2 class=\"elementor-heading-title elementor-size-default\">Set up a business with us and receive a \u00a320 discount for the first 3 months<\/h2>\t\t<\/div>\n\t\t\t\t<\/div>\n\t\t\t\t<div class=\"elementor-element elementor-element-f3db3d1 elementor-align-left elementor-mobile-align-center elementor-widget elementor-widget-button\" data-id=\"f3db3d1\" data-element_type=\"widget\" data-widget_type=\"button.default\">\n\t\t\t\t<div class=\"elementor-widget-container\">\n\t\t\t\t\t<div class=\"elementor-button-wrapper\">\n\t\t\t<a href=\"https:\/\/open-accountants.com\/en\/kontakt\/\" class=\"elementor-button-link elementor-button elementor-size-md\" role=\"button\">\n\t\t\t\t\t\t<span class=\"elementor-button-content-wrapper\">\n\t\t\t\t\t\t<span class=\"elementor-button-icon elementor-align-icon-right\">\n\t\t\t\t<i aria-hidden=\"true\" class=\"far fa-envelope\"><\/i>\t\t\t<\/span>\n\t\t\t\t\t\t<span class=\"elementor-button-text\">Contact Us<\/span>\n\t\t<\/span>\n\t\t\t\t\t<\/a>\n\t\t<\/div>\n\t\t\t\t<\/div>\n\t\t\t\t<\/div>\n\t\t\t\t\t\t<\/div>\n\t\t\t<\/div>\n\t\t<\/div>\n\t\t\t\t\t\t<\/div>\n\t\t\t<\/div>\n\t\t<\/section>\n\t\t\t\t\t\t<\/div>\n\t\t\t<\/div>\n\t\t<\/div>\n\t\t\t\t\t\t<\/div>\n\t\t\t<\/div>\n\t\t<\/section>\n\t\t\t\t\t\t<\/div>\n\t\t\t<\/div>\n\t\t<\/div>","protected":false},"excerpt":{"rendered":"<p>Promotions Obni\u017c swoj\u0105 ksi\u0119gowo\u015b\u0107 do \u00a30! Oferujemy sta\u0142e rabaty za polecenie nowych sp\u00f3\u0142ek Ltd. Napisz do nas! Za\u0142\u00f3\u017c u nas firm\u0119, a przez pierwsze 3 miesi\u0105ce otrzymasz rabat \u00a320. Napisz do nas! Reduce your accounting fee to \u00a30! We offer permanent discounts for recommending new Ltd companies Contact Us Set up a business with us [&hellip;]<\/p>","protected":false},"author":1,"featured_media":0,"parent":0,"menu_order":0,"comment_status":"closed","ping_status":"closed","template":"elementor_header_footer","meta":[],"yoast_head":"<!-- This site is optimized with the Yoast SEO plugin v14.8 - https:\/\/yoast.com\/wordpress\/plugins\/seo\/ -->\n<title>Open Accountants Ltd. - Nasze aktualne promocje<\/title>\n<meta name=\"description\" content=\"Dla naszych klient\u00f3w oferujemy sta\u0142e rabaty za polecenie nowych sp\u00f3\u0142ek Ltd. Mo\u017cesz przez to obni\u017cy\u0107 swoj\u0105 ksi\u0119gowo\u015b\u0107 do \u00a30!\" \/>\n<meta name=\"robots\" content=\"index, follow\" \/>\n<meta name=\"googlebot\" content=\"index, follow, max-snippet:-1, max-image-preview:large, max-video-preview:-1\" \/>\n<meta name=\"bingbot\" content=\"index, follow, max-snippet:-1, max-image-preview:large, max-video-preview:-1\" \/>\n<link rel=\"canonical\" href=\"https:\/\/open-accountants.com\/en\/promocje\/\" \/>\n<meta property=\"og:locale\" content=\"en_GB\" \/>\n<meta property=\"og:type\" content=\"article\" \/>\n<meta property=\"og:title\" content=\"Open Accountants Ltd. - Nasze aktualne promocje\" \/>\n<meta property=\"og:description\" content=\"Dla naszych klient\u00f3w oferujemy sta\u0142e rabaty za polecenie nowych sp\u00f3\u0142ek Ltd. Mo\u017cesz przez to obni\u017cy\u0107 swoj\u0105 ksi\u0119gowo\u015b\u0107 do \u00a30!\" \/>\n<meta property=\"og:url\" content=\"https:\/\/open-accountants.com\/en\/promocje\/\" \/>\n<meta property=\"og:site_name\" content=\"Open Accountants\" \/>\n<meta property=\"article:modified_time\" content=\"2020-10-08T20:39:03+00:00\" \/>\n<meta property=\"og:image\" content=\"http:\/\/open-accountants.com\/wp-content\/uploads\/2020\/07\/PeopleImages.com-ID1327409-1.jpg\" \/>\n<meta name=\"twitter:card\" content=\"summary_large_image\" \/>\n<script type=\"application\/ld+json\" class=\"yoast-schema-graph\">{\"@context\":\"https:\/\/schema.org\",\"@graph\":[{\"@type\":\"WebSite\",\"@id\":\"https:\/\/open-accountants.com\/en\/#website\",\"url\":\"https:\/\/open-accountants.com\/en\/\",\"name\":\"Open Accountants\",\"description\":\"\",\"potentialAction\":[{\"@type\":\"SearchAction\",\"target\":\"https:\/\/open-accountants.com\/en\/?s={search_term_string}\",\"query-input\":\"required name=search_term_string\"}],\"inLanguage\":\"en-GB\"},{\"@type\":\"ImageObject\",\"@id\":\"https:\/\/open-accountants.com\/promocje\/#primaryimage\",\"inLanguage\":\"en-GB\",\"url\":\"http:\/\/open-accountants.com\/wp-content\/uploads\/2020\/07\/PeopleImages.com-ID1327409-1.jpg\"},{\"@type\":\"WebPage\",\"@id\":\"https:\/\/open-accountants.com\/promocje\/#webpage\",\"url\":\"https:\/\/open-accountants.com\/promocje\/\",\"name\":\"Open Accountants Ltd. - Nasze aktualne promocje\",\"isPartOf\":{\"@id\":\"https:\/\/open-accountants.com\/en\/#website\"},\"primaryImageOfPage\":{\"@id\":\"https:\/\/open-accountants.com\/promocje\/#primaryimage\"},\"datePublished\":\"2020-08-04T19:56:20+00:00\",\"dateModified\":\"2020-10-08T20:39:03+00:00\",\"description\":\"Dla naszych klient\\u00f3w oferujemy sta\\u0142e rabaty za polecenie nowych sp\\u00f3\\u0142ek Ltd. Mo\\u017cesz przez to obni\\u017cy\\u0107 swoj\\u0105 ksi\\u0119gowo\\u015b\\u0107 do \\u00a30!\",\"inLanguage\":\"en-GB\",\"potentialAction\":[{\"@type\":\"ReadAction\",\"target\":[\"https:\/\/open-accountants.com\/promocje\/\"]}]}]}<\/script>\n<!-- \/ Yoast SEO plugin. -->","_links":{"self":[{"href":"https:\/\/open-accountants.com\/en\/wp-json\/wp\/v2\/pages\/385"}],"collection":[{"href":"https:\/\/open-accountants.com\/en\/wp-json\/wp\/v2\/pages"}],"about":[{"href":"https:\/\/open-accountants.com\/en\/wp-json\/wp\/v2\/types\/page"}],"author":[{"embeddable":true,"href":"https:\/\/open-accountants.com\/en\/wp-json\/wp\/v2\/users\/1"}],"replies":[{"embeddable":true,"href":"https:\/\/open-accountants.com\/en\/wp-json\/wp\/v2\/comments?post=385"}],"version-history":[{"count":9,"href":"https:\/\/open-accountants.com\/en\/wp-json\/wp\/v2\/pages\/385\/revisions"}],"predecessor-version":[{"id":653,"href":"https:\/\/open-accountants.com\/en\/wp-json\/wp\/v2\/pages\/385\/revisions\/653"}],"wp:attachment":[{"href":"https:\/\/open-accountants.com\/en\/wp-json\/wp\/v2\/media?parent=385"}],"curies":[{"name":"wp","href":"https:\/\/api.w.org\/{rel}","templated":true}]}}