{"id":301,"date":"2020-08-03T09:07:42","date_gmt":"2020-08-03T09:07:42","guid":{"rendered":"http:\/\/open-accountants.wcdt.com.ua\/?page_id=301"},"modified":"2020-10-08T21:02:58","modified_gmt":"2020-10-08T21:02:58","slug":"zarejestruj-firme","status":"publish","type":"page","link":"https:\/\/open-accountants.com\/en\/zarejestruj-firme\/","title":{"rendered":"Zarejestruj Firme"},"content":{"rendered":"","protected":false},"excerpt":{"rendered":"","protected":false},"author":1,"featured_media":0,"parent":0,"menu_order":0,"comment_status":"closed","ping_status":"closed","template":"","meta":[],"yoast_head":"<!-- This site is optimized with the Yoast SEO plugin v14.8 - https:\/\/yoast.com\/wordpress\/plugins\/seo\/ -->\n<title>Open Accountants Ltd. - Zarejestruj swoj\u0105 firm\u0119 Ltd.<\/title>\n<meta name=\"description\" content=\"Skorzystaj z naszego formularza aby \u0142atwo i szybko za\u0142o\u017cy\u0107 firm\u0119 w UK! Skontaktujemy si\u0119 z Tob\u0105 w przeci\u0105gu 24h.\" \/>\n<meta name=\"robots\" content=\"index, follow\" \/>\n<meta name=\"googlebot\" content=\"index, follow, max-snippet:-1, max-image-preview:large, max-video-preview:-1\" \/>\n<meta name=\"bingbot\" content=\"index, follow, max-snippet:-1, max-image-preview:large, max-video-preview:-1\" \/>\n<link rel=\"canonical\" href=\"https:\/\/open-accountants.com\/en\/zarejestruj-firme\/\" \/>\n<meta property=\"og:locale\" content=\"en_GB\" \/>\n<meta property=\"og:type\" content=\"article\" \/>\n<meta property=\"og:title\" content=\"Open Accountants Ltd. - Zarejestruj swoj\u0105 firm\u0119 Ltd.\" \/>\n<meta property=\"og:description\" content=\"Skorzystaj z naszego formularza aby \u0142atwo i szybko za\u0142o\u017cy\u0107 firm\u0119 w UK! Skontaktujemy si\u0119 z Tob\u0105 w przeci\u0105gu 24h.\" \/>\n<meta property=\"og:url\" content=\"https:\/\/open-accountants.com\/en\/zarejestruj-firme\/\" \/>\n<meta property=\"og:site_name\" content=\"Open Accountants\" \/>\n<meta property=\"article:modified_time\" content=\"2020-10-08T21:02:58+00:00\" \/>\n<meta name=\"twitter:card\" content=\"summary_large_image\" \/>\n<script type=\"application\/ld+json\" class=\"yoast-schema-graph\">{\"@context\":\"https:\/\/schema.org\",\"@graph\":[{\"@type\":\"WebSite\",\"@id\":\"https:\/\/open-accountants.com\/en\/#website\",\"url\":\"https:\/\/open-accountants.com\/en\/\",\"name\":\"Open Accountants\",\"description\":\"\",\"potentialAction\":[{\"@type\":\"SearchAction\",\"target\":\"https:\/\/open-accountants.com\/en\/?s={search_term_string}\",\"query-input\":\"required name=search_term_string\"}],\"inLanguage\":\"en-GB\"},{\"@type\":\"WebPage\",\"@id\":\"https:\/\/open-accountants.com\/zarejestruj-firme\/#webpage\",\"url\":\"https:\/\/open-accountants.com\/zarejestruj-firme\/\",\"name\":\"Open Accountants Ltd. - Zarejestruj swoj\\u0105 firm\\u0119 Ltd.\",\"isPartOf\":{\"@id\":\"https:\/\/open-accountants.com\/en\/#website\"},\"datePublished\":\"2020-08-03T09:07:42+00:00\",\"dateModified\":\"2020-10-08T21:02:58+00:00\",\"description\":\"Skorzystaj z naszego formularza aby \\u0142atwo i szybko za\\u0142o\\u017cy\\u0107 firm\\u0119 w UK! Skontaktujemy si\\u0119 z Tob\\u0105 w przeci\\u0105gu 24h.\",\"inLanguage\":\"en-GB\",\"potentialAction\":[{\"@type\":\"ReadAction\",\"target\":[\"https:\/\/open-accountants.com\/zarejestruj-firme\/\"]}]}]}<\/script>\n<!-- \/ Yoast SEO plugin. -->","_links":{"self":[{"href":"https:\/\/open-accountants.com\/en\/wp-json\/wp\/v2\/pages\/301"}],"collection":[{"href":"https:\/\/open-accountants.com\/en\/wp-json\/wp\/v2\/pages"}],"about":[{"href":"https:\/\/open-accountants.com\/en\/wp-json\/wp\/v2\/types\/page"}],"author":[{"embeddable":true,"href":"https:\/\/open-accountants.com\/en\/wp-json\/wp\/v2\/users\/1"}],"replies":[{"embeddable":true,"href":"https:\/\/open-accountants.com\/en\/wp-json\/wp\/v2\/comments?post=301"}],"version-history":[{"count":1,"href":"https:\/\/open-accountants.com\/en\/wp-json\/wp\/v2\/pages\/301\/revisions"}],"predecessor-version":[{"id":302,"href":"https:\/\/open-accountants.com\/en\/wp-json\/wp\/v2\/pages\/301\/revisions\/302"}],"wp:attachment":[{"href":"https:\/\/open-accountants.com\/en\/wp-json\/wp\/v2\/media?parent=301"}],"curies":[{"name":"wp","href":"https:\/\/api.w.org\/{rel}","templated":true}]}}