{"id":295,"date":"2020-08-03T09:07:07","date_gmt":"2020-08-03T09:07:07","guid":{"rendered":"http:\/\/open-accountants.wcdt.com.ua\/?page_id=295"},"modified":"2020-10-08T20:54:44","modified_gmt":"2020-10-08T20:54:44","slug":"blog","status":"publish","type":"page","link":"https:\/\/open-accountants.com\/en\/blog\/","title":{"rendered":"Blog"},"content":{"rendered":"<div data-elementor-type=\"wp-page\" data-elementor-id=\"295\" class=\"elementor elementor-295\" data-elementor-settings=\"[]\">\n\t\t\t<div class=\"elementor-inner\">\n\t\t\t\t<div class=\"elementor-section-wrap\">\n\t\t\t\t\t\t\t<section class=\"elementor-element elementor-element-df080b4 animated-slow elementor-section-boxed elementor-section-height-default elementor-section-height-default elementor-invisible elementor-section elementor-top-section\" data-id=\"df080b4\" data-element_type=\"section\" data-settings=\"{&quot;background_background&quot;:&quot;classic&quot;,&quot;animation&quot;:&quot;fadeIn&quot;,&quot;animation_delay&quot;:200}\">\n\t\t\t\t\t\t\t<div class=\"elementor-background-overlay\"><\/div>\n\t\t\t\t\t\t\t<div class=\"elementor-container elementor-column-gap-default\">\n\t\t\t\t<div class=\"elementor-row\">\n\t\t\t\t<div class=\"elementor-element elementor-element-21e5142 elementor-column elementor-col-100 elementor-top-column\" data-id=\"21e5142\" data-element_type=\"column\">\n\t\t\t<div class=\"elementor-column-wrap  elementor-element-populated\">\n\t\t\t\t\t<div class=\"elementor-widget-wrap\">\n\t\t\t\t<div class=\"elementor-element elementor-element-5829b74 elementor-widget elementor-widget-heading\" data-id=\"5829b74\" data-element_type=\"widget\" data-widget_type=\"heading.default\">\n\t\t\t\t<div class=\"elementor-widget-container\">\n\t\t\t<h2 class=\"elementor-heading-title elementor-size-default\">Blog<\/h2>\t\t<\/div>\n\t\t\t\t<\/div>\n\t\t\t\t\t\t<\/div>\n\t\t\t<\/div>\n\t\t<\/div>\n\t\t\t\t\t\t<\/div>\n\t\t\t<\/div>\n\t\t<\/section>\n\t\t\t\t<section class=\"elementor-element elementor-element-22b8794 animated-slow elementor-section-boxed elementor-section-height-default elementor-section-height-default elementor-invisible elementor-section elementor-top-section\" data-id=\"22b8794\" data-element_type=\"section\" data-settings=\"{&quot;background_background&quot;:&quot;classic&quot;,&quot;animation&quot;:&quot;fadeIn&quot;,&quot;animation_delay&quot;:200}\">\n\t\t\t\t\t\t<div class=\"elementor-container elementor-column-gap-default\">\n\t\t\t\t<div class=\"elementor-row\">\n\t\t\t\t<div class=\"elementor-element elementor-element-9101e36 elementor-column elementor-col-100 elementor-top-column\" data-id=\"9101e36\" data-element_type=\"column\">\n\t\t\t<div class=\"elementor-column-wrap  elementor-element-populated\">\n\t\t\t\t\t<div class=\"elementor-widget-wrap\">\n\t\t\t\t<div class=\"elementor-element elementor-element-43e42e5 elementor-grid-3 elementor-grid-tablet-2 elementor-grid-mobile-1 elementor-posts--thumbnail-top elementor-widget elementor-widget-posts\" data-id=\"43e42e5\" data-element_type=\"widget\" data-settings=\"{&quot;classic_columns&quot;:&quot;3&quot;,&quot;classic_columns_tablet&quot;:&quot;2&quot;,&quot;classic_columns_mobile&quot;:&quot;1&quot;,&quot;classic_row_gap&quot;:{&quot;unit&quot;:&quot;px&quot;,&quot;size&quot;:35,&quot;sizes&quot;:[]}}\" data-widget_type=\"posts.classic\">\n\t\t\t\t<div class=\"elementor-widget-container\">\n\t\t\t\t\t<div class=\"elementor-posts-container elementor-posts elementor-posts--skin-classic elementor-grid\">\n\t\t\t\t<article class=\"elementor-post elementor-grid-item post-2958 post type-post status-publish format-standard has-post-thumbnail hentry category-polish\">\n\t\t\t\t<a class=\"elementor-post__thumbnail__link\" href=\"https:\/\/open-accountants.com\/en\/rejestracja-vat-i-vat-returns\/\" >\n\t\t\t<div class=\"elementor-post__thumbnail\"><img width=\"640\" height=\"366\" src=\"https:\/\/open-accountants.com\/wp-content\/uploads\/2022\/02\/Open-Blog-Post-min.png\" class=\"attachment-medium_large size-medium_large\" alt=\"\" loading=\"lazy\" srcset=\"https:\/\/open-accountants.com\/wp-content\/uploads\/2022\/02\/Open-Blog-Post-min.png 700w, https:\/\/open-accountants.com\/wp-content\/uploads\/2022\/02\/Open-Blog-Post-min-300x171.png 300w\" sizes=\"(max-width: 640px) 100vw, 640px\" \/><\/div>\n\t\t<\/a>\n\t\t\t\t<div class=\"elementor-post__text\">\n\t\t\t\t<h3 class=\"elementor-post__title\">\n\t\t\t<a href=\"https:\/\/open-accountants.com\/en\/rejestracja-vat-i-vat-returns\/\" >\n\t\t\t\tRejestracja VAT oraz VAT returns\t\t\t<\/a>\n\t\t<\/h3>\n\t\t\t\t<div class=\"elementor-post__meta-data\">\n\t\t\t\t\t<span class=\"elementor-post-date\">\n\t\t\tFebruary 18, 2022\t\t<\/span>\n\t\t\t\t<\/div>\n\t\t\t\t<div class=\"elementor-post__excerpt\">\n\t\t\t<p>VAT \u2013 wi\u0119kszo\u015b\u0107 ludzi o tym s\u0142ysza\u0142a, ale niewielu to rozumie, a wiemy, \u017ce jest to myl\u0105ce dla wielu samozatrudnionych, wykonawc\u00f3w i w\u0142a\u015bcicieli ma\u0142ych firm.\u00a0\u200dChocia\u017c<\/p>\n\t\t<\/div>\n\t\t\t\t\t<a class=\"elementor-post__read-more\" href=\"https:\/\/open-accountants.com\/en\/rejestracja-vat-i-vat-returns\/\" >\n\t\t\t\tRead More \u00bb\t\t\t<\/a>\n\t\t\t\t<\/div>\n\t\t\t\t<\/article>\n\t\t\t\t<article class=\"elementor-post elementor-grid-item post-1217 post type-post status-publish format-standard has-post-thumbnail hentry category-polish\">\n\t\t\t\t<a class=\"elementor-post__thumbnail__link\" href=\"https:\/\/open-accountants.com\/en\/brexit-kompendium-wiedzy-dla-osob-samozatrudnionych\/\" >\n\t\t\t<div class=\"elementor-post__thumbnail\"><img width=\"640\" height=\"366\" src=\"https:\/\/open-accountants.com\/wp-content\/uploads\/2021\/08\/Safe-Copy-of-Open-Blog-Post-min-1.png\" class=\"attachment-medium_large size-medium_large\" alt=\"\" loading=\"lazy\" srcset=\"https:\/\/open-accountants.com\/wp-content\/uploads\/2021\/08\/Safe-Copy-of-Open-Blog-Post-min-1.png 700w, https:\/\/open-accountants.com\/wp-content\/uploads\/2021\/08\/Safe-Copy-of-Open-Blog-Post-min-1-300x171.png 300w\" sizes=\"(max-width: 640px) 100vw, 640px\" \/><\/div>\n\t\t<\/a>\n\t\t\t\t<div class=\"elementor-post__text\">\n\t\t\t\t<h3 class=\"elementor-post__title\">\n\t\t\t<a href=\"https:\/\/open-accountants.com\/en\/brexit-kompendium-wiedzy-dla-osob-samozatrudnionych\/\" >\n\t\t\t\tBrexit: kompendium wiedzy dla os\u00f3b samozatrudnionych\t\t\t<\/a>\n\t\t<\/h3>\n\t\t\t\t<div class=\"elementor-post__meta-data\">\n\t\t\t\t\t<span class=\"elementor-post-date\">\n\t\t\tAugust 8, 2021\t\t<\/span>\n\t\t\t\t<\/div>\n\t\t\t\t<div class=\"elementor-post__excerpt\">\n\t\t\t<p>Wielka Brytania oficjalnie opu\u015bci\u0142a Uni\u0119 Europejsk\u0105 31 grudnia 2020 r. Co to oznacza dla Ciebie jako freelancera, podwykonawcy lub w\u0142a\u015bciciela ma\u0142ej firmy? Poni\u017cej znajdziesz wiele<\/p>\n\t\t<\/div>\n\t\t\t\t\t<a class=\"elementor-post__read-more\" href=\"https:\/\/open-accountants.com\/en\/brexit-kompendium-wiedzy-dla-osob-samozatrudnionych\/\" >\n\t\t\t\tRead More \u00bb\t\t\t<\/a>\n\t\t\t\t<\/div>\n\t\t\t\t<\/article>\n\t\t\t\t<article class=\"elementor-post elementor-grid-item post-890 post type-post status-publish format-standard has-post-thumbnail hentry category-polish\">\n\t\t\t\t<a class=\"elementor-post__thumbnail__link\" href=\"https:\/\/open-accountants.com\/en\/jak-ubiegac-sie-o-grant-dla-self-employed-seiss\/\" >\n\t\t\t<div class=\"elementor-post__thumbnail\"><img width=\"640\" height=\"366\" src=\"https:\/\/open-accountants.com\/wp-content\/uploads\/2021\/03\/Safe-Copy-of-Open-Blog-Post-min.png\" class=\"attachment-medium_large size-medium_large\" alt=\"\" loading=\"lazy\" srcset=\"https:\/\/open-accountants.com\/wp-content\/uploads\/2021\/03\/Safe-Copy-of-Open-Blog-Post-min.png 700w, https:\/\/open-accountants.com\/wp-content\/uploads\/2021\/03\/Safe-Copy-of-Open-Blog-Post-min-300x171.png 300w\" sizes=\"(max-width: 640px) 100vw, 640px\" \/><\/div>\n\t\t<\/a>\n\t\t\t\t<div class=\"elementor-post__text\">\n\t\t\t\t<h3 class=\"elementor-post__title\">\n\t\t\t<a href=\"https:\/\/open-accountants.com\/en\/jak-ubiegac-sie-o-grant-dla-self-employed-seiss\/\" >\n\t\t\t\tJak ubiega\u0107 si\u0119 o grant dla Self employed (SEISS)\t\t\t<\/a>\n\t\t<\/h3>\n\t\t\t\t<div class=\"elementor-post__meta-data\">\n\t\t\t\t\t<span class=\"elementor-post-date\">\n\t\t\tMarch 20, 2021\t\t<\/span>\n\t\t\t\t<\/div>\n\t\t\t\t<div class=\"elementor-post__excerpt\">\n\t\t\t<p>Osoby Self Employed, kt\u00f3re rozpocz\u0119\u0142y dzia\u0142alno\u015b\u0107 gospodarcz\u0105 w sezonie 2019\/20, musz\u0105 przedstawi\u0107 dodatkowe dowody do HMRC, aby ubiega\u0107 si\u0119 o grant SEISS. Spe\u0142nienie wymaga\u0144 nie<\/p>\n\t\t<\/div>\n\t\t\t\t\t<a class=\"elementor-post__read-more\" href=\"https:\/\/open-accountants.com\/en\/jak-ubiegac-sie-o-grant-dla-self-employed-seiss\/\" >\n\t\t\t\tRead More \u00bb\t\t\t<\/a>\n\t\t\t\t<\/div>\n\t\t\t\t<\/article>\n\t\t\t\t<article class=\"elementor-post elementor-grid-item post-762 post type-post status-publish format-standard has-post-thumbnail hentry category-polish\">\n\t\t\t\t<a class=\"elementor-post__thumbnail__link\" href=\"https:\/\/open-accountants.com\/en\/koronawirus-back-bounce-loan\/\" >\n\t\t\t<div class=\"elementor-post__thumbnail\"><img width=\"640\" height=\"366\" src=\"https:\/\/open-accountants.com\/wp-content\/uploads\/2021\/01\/Open-Blog-Post-min.png\" class=\"attachment-medium_large size-medium_large\" alt=\"\" loading=\"lazy\" srcset=\"https:\/\/open-accountants.com\/wp-content\/uploads\/2021\/01\/Open-Blog-Post-min.png 700w, https:\/\/open-accountants.com\/wp-content\/uploads\/2021\/01\/Open-Blog-Post-min-300x171.png 300w\" sizes=\"(max-width: 640px) 100vw, 640px\" \/><\/div>\n\t\t<\/a>\n\t\t\t\t<div class=\"elementor-post__text\">\n\t\t\t\t<h3 class=\"elementor-post__title\">\n\t\t\t<a href=\"https:\/\/open-accountants.com\/en\/koronawirus-back-bounce-loan\/\" >\n\t\t\t\tCoronavirus Bounce Back Loan\t\t\t<\/a>\n\t\t<\/h3>\n\t\t\t\t<div class=\"elementor-post__meta-data\">\n\t\t\t\t\t<span class=\"elementor-post-date\">\n\t\t\tJanuary 16, 2021\t\t<\/span>\n\t\t\t\t<\/div>\n\t\t\t\t<div class=\"elementor-post__excerpt\">\n\t\t\t<p>Po\u017cyczki Coronavirus Bounce Back Loan: unikni\u0119cie 32,5% podatku Po\u017cyczki typu \u2018Coronavirus Bounce Back Loan\u2019 s\u0105 dla firm atrakcyjne, \u0142atwo dost\u0119pne i tanie &#8211; zaledwie 2,5%.<\/p>\n\t\t<\/div>\n\t\t\t\t\t<a class=\"elementor-post__read-more\" href=\"https:\/\/open-accountants.com\/en\/koronawirus-back-bounce-loan\/\" >\n\t\t\t\tRead More \u00bb\t\t\t<\/a>\n\t\t\t\t<\/div>\n\t\t\t\t<\/article>\n\t\t\t\t<article class=\"elementor-post elementor-grid-item post-586 post type-post status-publish format-standard has-post-thumbnail hentry category-polish\">\n\t\t\t\t<a class=\"elementor-post__thumbnail__link\" href=\"https:\/\/open-accountants.com\/en\/cis-w-spolce-limited\/\" >\n\t\t\t<div class=\"elementor-post__thumbnail\"><img width=\"640\" height=\"366\" src=\"https:\/\/open-accountants.com\/wp-content\/uploads\/2020\/08\/open-accountants-blog-image-6.jpg\" class=\"attachment-medium_large size-medium_large\" alt=\"\" loading=\"lazy\" srcset=\"https:\/\/open-accountants.com\/wp-content\/uploads\/2020\/08\/open-accountants-blog-image-6.jpg 700w, https:\/\/open-accountants.com\/wp-content\/uploads\/2020\/08\/open-accountants-blog-image-6-300x171.jpg 300w\" sizes=\"(max-width: 640px) 100vw, 640px\" \/><\/div>\n\t\t<\/a>\n\t\t\t\t<div class=\"elementor-post__text\">\n\t\t\t\t<h3 class=\"elementor-post__title\">\n\t\t\t<a href=\"https:\/\/open-accountants.com\/en\/cis-w-spolce-limited\/\" >\n\t\t\t\tCIS w sp\u00f3\u0142ce limited.\t\t\t<\/a>\n\t\t<\/h3>\n\t\t\t\t<div class=\"elementor-post__meta-data\">\n\t\t\t\t\t<span class=\"elementor-post-date\">\n\t\t\tAugust 27, 2020\t\t<\/span>\n\t\t\t\t<\/div>\n\t\t\t\t<div class=\"elementor-post__excerpt\">\n\t\t\t<p>Pracownicy i wykonawcy pracuj\u0105cy w sektorze budowlanym, s\u0105 zobowi\u0105zani do zarejestrowania si\u0119 w ramach programu CIS i odliczenia od p\u0142atno\u015bci na rzecz podwykonawc\u00f3w nast\u0119puj\u0105cego podatku:<\/p>\n\t\t<\/div>\n\t\t\t\t\t<a class=\"elementor-post__read-more\" href=\"https:\/\/open-accountants.com\/en\/cis-w-spolce-limited\/\" >\n\t\t\t\tRead More \u00bb\t\t\t<\/a>\n\t\t\t\t<\/div>\n\t\t\t\t<\/article>\n\t\t\t\t<article class=\"elementor-post elementor-grid-item post-353 post type-post status-publish format-standard has-post-thumbnail hentry category-polish\">\n\t\t\t\t<a class=\"elementor-post__thumbnail__link\" href=\"https:\/\/open-accountants.com\/en\/uber-przewodnik\/\" >\n\t\t\t<div class=\"elementor-post__thumbnail\"><img width=\"640\" height=\"356\" src=\"https:\/\/open-accountants.com\/wp-content\/uploads\/2020\/07\/open-accountants-blog-image-2.jpg\" class=\"attachment-medium_large size-medium_large\" alt=\"\" loading=\"lazy\" srcset=\"https:\/\/open-accountants.com\/wp-content\/uploads\/2020\/07\/open-accountants-blog-image-2.jpg 740w, https:\/\/open-accountants.com\/wp-content\/uploads\/2020\/07\/open-accountants-blog-image-2-300x167.jpg 300w\" sizes=\"(max-width: 640px) 100vw, 640px\" \/><\/div>\n\t\t<\/a>\n\t\t\t\t<div class=\"elementor-post__text\">\n\t\t\t\t<h3 class=\"elementor-post__title\">\n\t\t\t<a href=\"https:\/\/open-accountants.com\/en\/uber-przewodnik\/\" >\n\t\t\t\tUBER: Przewodnik\t\t\t<\/a>\n\t\t<\/h3>\n\t\t\t\t<div class=\"elementor-post__meta-data\">\n\t\t\t\t\t<span class=\"elementor-post-date\">\n\t\t\tAugust 3, 2020\t\t<\/span>\n\t\t\t\t<\/div>\n\t\t\t\t<div class=\"elementor-post__excerpt\">\n\t\t\t<p>\u201eZam\u00f3wi\u0107 Ubera\u201d zamiast \u201ewezwa\u0107 taks\u00f3wk\u0119\u201d? Uber zyska\u0142 tak du\u017ce zaufanie i mi\u0142o\u015b\u0107 swoich klient\u00f3w na ca\u0142ym \u015bwiecie, \u017ce dla wielu ludzi sta\u0142 si\u0119 synonimem taks\u00f3wki<\/p>\n\t\t<\/div>\n\t\t\t\t\t<a class=\"elementor-post__read-more\" href=\"https:\/\/open-accountants.com\/en\/uber-przewodnik\/\" >\n\t\t\t\tRead More \u00bb\t\t\t<\/a>\n\t\t\t\t<\/div>\n\t\t\t\t<\/article>\n\t\t\t\t<\/div>\n\t\t\t\t<nav class=\"elementor-pagination\" role=\"navigation\" aria-label=\"Pagination\">\n\t\t\t<span aria-current=\"page\" class=\"page-numbers current\"><span class=\"elementor-screen-only\">Page<\/span>1<\/span>\n<a class=\"page-numbers\" href=\"https:\/\/open-accountants.com\/en\/wp-json\/wp\/v2\/pages\/295\/page\/2\/\"><span class=\"elementor-screen-only\">Page<\/span>2<\/a>\t\t<\/nav>\n\t\t\t\t<\/div>\n\t\t\t\t<\/div>\n\t\t\t\t\t\t<\/div>\n\t\t\t<\/div>\n\t\t<\/div>\n\t\t\t\t\t\t<\/div>\n\t\t\t<\/div>\n\t\t<\/section>\n\t\t\t\t\t\t<\/div>\n\t\t\t<\/div>\n\t\t<\/div>","protected":false},"excerpt":{"rendered":"<p>Blog<\/p>","protected":false},"author":1,"featured_media":0,"parent":0,"menu_order":0,"comment_status":"closed","ping_status":"closed","template":"elementor_header_footer","meta":[],"yoast_head":"<!-- This site is optimized with the Yoast SEO plugin v14.8 - https:\/\/yoast.com\/wordpress\/plugins\/seo\/ -->\n<title>Open Accountants Ltd. - Blog<\/title>\n<meta name=\"description\" content=\"Znajdziesz tu aktualne informacje i artyku\u0142y na temat prowadzenia firmy w UK, ksi\u0119gowo\u015bci, oraz sp\u00f3\u0142ek Ltd.\" \/>\n<meta name=\"robots\" content=\"index, follow\" \/>\n<meta name=\"googlebot\" content=\"index, follow, max-snippet:-1, max-image-preview:large, max-video-preview:-1\" \/>\n<meta name=\"bingbot\" content=\"index, follow, max-snippet:-1, max-image-preview:large, max-video-preview:-1\" \/>\n<link rel=\"canonical\" href=\"https:\/\/open-accountants.com\/en\/blog\/\" \/>\n<meta property=\"og:locale\" content=\"en_GB\" \/>\n<meta property=\"og:type\" content=\"article\" \/>\n<meta property=\"og:title\" content=\"Open Accountants Ltd. - Blog\" \/>\n<meta property=\"og:description\" content=\"Znajdziesz tu aktualne informacje i artyku\u0142y na temat prowadzenia firmy w UK, ksi\u0119gowo\u015bci, oraz sp\u00f3\u0142ek Ltd.\" \/>\n<meta property=\"og:url\" content=\"https:\/\/open-accountants.com\/en\/blog\/\" \/>\n<meta property=\"og:site_name\" content=\"Open Accountants\" \/>\n<meta property=\"article:modified_time\" content=\"2020-10-08T20:54:44+00:00\" \/>\n<meta name=\"twitter:card\" content=\"summary_large_image\" \/>\n<script type=\"application\/ld+json\" class=\"yoast-schema-graph\">{\"@context\":\"https:\/\/schema.org\",\"@graph\":[{\"@type\":\"WebSite\",\"@id\":\"https:\/\/open-accountants.com\/en\/#website\",\"url\":\"https:\/\/open-accountants.com\/en\/\",\"name\":\"Open Accountants\",\"description\":\"\",\"potentialAction\":[{\"@type\":\"SearchAction\",\"target\":\"https:\/\/open-accountants.com\/en\/?s={search_term_string}\",\"query-input\":\"required name=search_term_string\"}],\"inLanguage\":\"en-GB\"},{\"@type\":\"WebPage\",\"@id\":\"https:\/\/open-accountants.com\/blog\/#webpage\",\"url\":\"https:\/\/open-accountants.com\/blog\/\",\"name\":\"Open Accountants Ltd. - Blog\",\"isPartOf\":{\"@id\":\"https:\/\/open-accountants.com\/en\/#website\"},\"datePublished\":\"2020-08-03T09:07:07+00:00\",\"dateModified\":\"2020-10-08T20:54:44+00:00\",\"description\":\"Znajdziesz tu aktualne informacje i artyku\\u0142y na temat prowadzenia firmy w UK, ksi\\u0119gowo\\u015bci, oraz sp\\u00f3\\u0142ek Ltd.\",\"inLanguage\":\"en-GB\",\"potentialAction\":[{\"@type\":\"ReadAction\",\"target\":[\"https:\/\/open-accountants.com\/blog\/\"]}]}]}<\/script>\n<!-- \/ Yoast SEO plugin. -->","_links":{"self":[{"href":"https:\/\/open-accountants.com\/en\/wp-json\/wp\/v2\/pages\/295"}],"collection":[{"href":"https:\/\/open-accountants.com\/en\/wp-json\/wp\/v2\/pages"}],"about":[{"href":"https:\/\/open-accountants.com\/en\/wp-json\/wp\/v2\/types\/page"}],"author":[{"embeddable":true,"href":"https:\/\/open-accountants.com\/en\/wp-json\/wp\/v2\/users\/1"}],"replies":[{"embeddable":true,"href":"https:\/\/open-accountants.com\/en\/wp-json\/wp\/v2\/comments?post=295"}],"version-history":[{"count":11,"href":"https:\/\/open-accountants.com\/en\/wp-json\/wp\/v2\/pages\/295\/revisions"}],"predecessor-version":[{"id":457,"href":"https:\/\/open-accountants.com\/en\/wp-json\/wp\/v2\/pages\/295\/revisions\/457"}],"wp:attachment":[{"href":"https:\/\/open-accountants.com\/en\/wp-json\/wp\/v2\/media?parent=295"}],"curies":[{"name":"wp","href":"https:\/\/api.w.org\/{rel}","templated":true}]}}